{"id":5,"date":"2024-12-22T16:31:08","date_gmt":"2024-12-22T15:31:08","guid":{"rendered":"http:\/\/mmipwzz.cluster029.hosting.ovh.net\/recom\/index.php\/one-page-express\/"},"modified":"2025-10-23T14:16:48","modified_gmt":"2025-10-23T12:16:48","slug":"one-page-express","status":"publish","type":"page","link":"https:\/\/devis.routage-mailing-postal.fr\/","title":{"rendered":"Routage &#038; Communication"},"content":{"rendered":"<div  data-label=\"Features\" data-id=\"features-image-cards-section\" data-category=\"features\" class=\"features-image-cards-section\" style=\"background-color: rgb(246, 246, 246);\" id=\"features-2\"> <div  class=\"gridContainer\"> <div  class=\"features-image-cards-textrow\"> <div  class=\"features-image-cards-textcol dynamic-color\" data-type=\"column\"> <h2  class=\"\">Nos prestations<\/h2> <p  class=\"\">\nRoutage et Communication vous accompagne dans tout le processus de routage de vos courriers postaux avec des tarifs d\u2019affranchissement jusqu\u2019\u00e0 3 x moins chers.<br ><br >Nous g\u00e9rons tous formats de Documents : <br >catalogues, revues, invitations, courriers relationnels ou marketing, rapports annuels\u2026<\/p> <\/div> <\/div> <div  class=\"features-image-cards-innerrow flexbox-list dark-text\" data-type=\"row\"> <div  class=\"features-image-cards-cardcol cp6cols-tablet cp3cols\"> <div  class=\"features-image-cards-cardrow\"><img  decoding=\"async\" class=\"features-image-cards-featimg\" src=\"https:\/\/devis.routage-mailing-postal.fr\/wp-content\/uploads\/2025\/03\/Adressage-postal-sur-enveloppe.png\" alt=\"\"> <div  class=\"features-image-cards-cardtextrow\" data-type=\"column\"> <h4  class=\"\">Impression<\/h4> <p  class=\"\">Impression de vos courriers en quadri ou N&amp;B, impression de votre logo sur l\u2019enveloppe, impression des mentions postales et l\u2019adresse exp\u00e9diteur.<\/p> <hr  class=\"features-image-cards-separator\"> <\/div> <\/div> <\/div> <div  class=\"features-image-cards-cardcol cp6cols-tablet cp3cols\"> <div  class=\"features-image-cards-cardrow\"><img  decoding=\"async\" class=\"features-image-cards-featimg\" src=\"https:\/\/devis.routage-mailing-postal.fr\/wp-content\/uploads\/2025\/04\/affranchissement-denveloppe.png\" alt=\"\"> <div  class=\"features-image-cards-cardtextrow\" data-type=\"column\"> <h4  class=\"\">Affranchissement<\/h4> <p  class=\"\">Vos courriers sont envoy\u00e9s de J+2 \u00e0 J+4 pour les envois rapides. En standard le J+7 est plus adapt\u00e9 avec une offre tarifaire plus int\u00e9ressante.&nbsp;<\/p> <hr  class=\"features-image-cards-separator\"> <\/div> <\/div> <\/div> <div  class=\"features-image-cards-cardcol cp6cols-tablet cp3cols\"> <div  class=\"features-image-cards-cardrow\"><img  decoding=\"async\" class=\"features-image-cards-featimg\" src=\"https:\/\/devis.routage-mailing-postal.fr\/wp-content\/uploads\/2025\/03\/routage-courrier-postal.png\" alt=\"\"> <div  class=\"features-image-cards-cardtextrow\" data-type=\"column\"> <h4  class=\"\">Mise sous pli<\/h4> <p  class=\"\">Mise sous enveloppe d\u2019un ou plusieurs documents au format A4, A5 ou DL. Votre envoi peut \u00eatre compos\u00e9 de documents de formats diff\u00e9rents.<\/p> <hr  class=\"features-image-cards-separator\"> <\/div> <\/div> <\/div> <div  class=\"features-image-cards-cardcol cp6cols-tablet cp3cols\"> <div  class=\"features-image-cards-cardrow\"><img  decoding=\"async\" class=\"features-image-cards-featimg\" src=\"https:\/\/devis.routage-mailing-postal.fr\/wp-content\/uploads\/2025\/04\/personnalisation-denveloppe.png\" alt=\"\"> <div  class=\"features-image-cards-cardtextrow\" data-type=\"column\"> <h4  class=\"\">Personnalisation<\/h4> <p  class=\"\">L\u2019ajout d\u2019un logo ou d\u2019un message donne encore plus l\u2019envie d\u2019ouvrir et de lire le courrier. Le client se sent privil\u00e9gi\u00e9.<\/p> <hr  class=\"features-image-cards-separator\"> <\/div> <\/div> <\/div><\/div> <\/div><\/div><div  id=\"about-1\" class=\"about-big-images-section\" style=\"background-color: #f6f6f6;\" data-label=\"About\" data-id=\"about-big-images-section\" data-category=\"about\">\n<div  class=\"\">\n<div  class=\"about-big-images-textrow\">\n<div  class=\"about-big-images-textcol dynamic-color\" data-type=\"column\">\n<h5  class=\"\">Le courrier : un m\u00e9dia toujours appr\u00e9ci\u00e9 !<\/h5>\n<h3  class=\"\"> 80% des Fran\u00e7ais aiment ouvrir leur courrier.<\/h3>\n<p  class=\"\">Le courrier postal publipost\u00e9 a un taux d\u2019ouverture moyen de 80 %, contre seulement 15 % pour&nbsp;les e-mails. Cela s\u2019explique par le fait que les courriers physiques attirent davantage l\u2019attention et sont moins susceptibles d\u2019\u00eatre ignor\u00e9s ou supprim\u00e9s.&nbsp;\n<br >42% des lecteurs de courrier publicitaire adress\u00e9 se sont d\u00e9j\u00e0 rendus ou vont se rendre sur le site internet de la soci\u00e9t\u00e9 \u00e9mettrice.<\/p>\n<a  class=\"button blue\" href=\"#projet\" target=\"_self\">Contactez-nous<\/a>\n\n<\/div>\n<\/div>\n<\/div>\n<div  class=\"about-big-images-bottomrow\">\n<div  class=\"about-big-images-leftimgcol\"><\/div>\n<div  class=\"about-big-images-centerimgcol\"><\/div>\n<div  class=\"about-big-images-rightimgcol\"><\/div>\n<\/div>\n<\/div><div  id=\"cta-1\" class=\"cta-blue-section\" data-label=\"Call to action\" data-id=\"cta-blue-section\" data-category=\"cta\">\n<div  class=\"gridContainer\">\n<div  class=\"flexbox-list flexbox-list-align-center row\">\n<div  class=\"cta-blue-textcol dynamic-color\">\n<h2  class=\"cta-blue-text\"><b >APPELEZ NOUS AU&nbsp;05 46 50 03 50<\/b><\/h2>\n<\/div>\n<div  class=\"cta-blue-btncol\"><a  class=\"button big yellow dark-text\" href=\"#projet\" target=\"_self\"> Demandez un devis <\/a><\/div>\n<\/div>\n<\/div>\n<\/div><div  class=\"wp-block-group\"><\/div><div  id=\"content-3\" class=\"content-left-image-section content-image-left\" style=\"background-color: #f6f6f6;\" data-label=\"Content\" data-id=\"content-image-left\" data-category=\"content\">\n<div  class=\"gridContainer\">\n<div  class=\"row\">\n<div  class=\"content-left-image-imgcol\" data-type=\"column\"><img  decoding=\"async\" class=\"\" src=\"https:\/\/devis.routage-mailing-postal.fr\/wp-content\/uploads\/2025\/03\/depositphotos_322636340-stock-photo-mature-couple-meeting-financial-advisor.webp\" alt=\"\"><\/div>\n<div  class=\"content-left-image-textcol dynamic-color\" data-type=\"column\">\n<h2  class=\"\">AU SERVICE DE NOS CLIENTS<\/h2>\n<p  class=\"large_text\">Notre soci\u00e9t\u00e9 existe depuis plus de 20 ans et nous sommes un acteur connu qui a des clients dans toute la France.\n\nDe la composition de vos documents \u00e0 leur exp\u00e9dition, nous vous garantissons un interlocuteur unique d\u00e9di\u00e9 pendant toute la p\u00e9riode de prise en charge de votre projet de routage.\n\nNous travaillons avec tous types de clients, petites ou grandes entreprises, collectivit\u00e9s, associations, imrpimeurs, \u00e9diteurs\u2026<\/p>\n\n<\/div>\n<\/div>\n<\/div>\n<\/div><div  id=\"content-4\" class=\"content-right-image-section content-image-right\" style=\"background-color: #f6f6f6;\" data-label=\"Content\" data-id=\"content-image-right\" data-category=\"content\">\n<div  class=\"gridContainer\">\n<div  class=\"content-right-image-gridcol\">\n<div  class=\"content-right-image-textcol dynamic-color\" data-type=\"column\">\n<h2  class=\"\">VOTRE ROUTAGE AU MEILLEUR PRIX<\/h2>\n<p  class=\"large_text\">Que votre envoi concerne une destination locale, nationale ou internationale nous avons une solution d\u2019affranchissement.\nOpter pour un routeur de courrier postal n\u2019est pas seulement une question d\u2019\u00e9conomie, mais aussi une strat\u00e9gie judicieuse pour am\u00e9liorer l\u2019efficacit\u00e9 et l\u2019impact de vos communications.<\/p>\n\n<\/div>\n<div  class=\"content-right-image-imgcol\" data-type=\"column\"><img  decoding=\"async\" class=\"\" src=\"https:\/\/devis.routage-mailing-postal.fr\/wp-content\/uploads\/2025\/04\/envoi-courrier-postal.png\" alt=\"\"><\/div>\n<\/div>\n<\/div>\n<\/div><div  id=\"numbers\" class=\"numbers-section\" data-label=\"Numbers\" data-id=\"numbers-section\" data-category=\"numbers\" data-bg=\"transparent\" data-parallax-depth=\"20\">\n<div  class=\"gridContainer dynamic-color\">\n<div  class=\"numbers-itemcol\">\n<h2  class=\"numbers-numbertext\">80%<\/h2>\n<h3  class=\"numbers-titletext\">TAUX D\u2019OUVERTURE<\/h3>\n<\/div>\n<div  class=\"numbers-itemcol\">\n<h2  class=\"numbers-numbertext\">+3%<\/h2>\n<h3  class=\"numbers-titletext\">TAUX DE REPONSE<\/h3>\n<\/div>\n<div  class=\"numbers-itemcol-last\">\n<h2  class=\"numbers-numbertext\">90%<\/h2>\n<h3  class=\"numbers-titletext\">COURRIERS LUS<\/h3>\n<\/div>\n<\/div>\n<\/div><div  class=\"wp-block-columns is-layout-flex wp-container-core-columns-is-layout-1 wp-block-columns-is-layout-flex\">\n<div  class=\"wp-block-column is-layout-flow wp-block-column-is-layout-flow\" style=\"flex-basis: 100%;\">\n<div  id=\"contact-4\" class=\"contact-section-formsection white-text\" data-label=\"Contact\" data-id=\"contact-section\" data-category=\"contact\" data-bg=\"transparent\">\n<div  class=\"gridContainer\">\n<div  class=\"row_224\">\n<div  class=\"contact-textrow\">\n<div  class=\"contact-textcol dynamic-color\">\n<h2  id=\"projet\" class=\"\">Contactez nous pour votre projet<\/h2>\n<p  class=\"white_text\">Vous avez un projet d\u2019envoi de documents en nombre par voie postale ?<\/p>\nLaissez nous vos coordonn\u00e9es et expliquez nous votre projet en remplissant les champs ci-dessous.\n\nNous vous renverrons un devis dans les meilleurs d\u00e9lais.\n\n<\/div>\n<\/div>\n<\/div>\n<div  class=\"contact-formcol\" data-content-shortcode=\"one_page_express_contact_form shortcode=&quot;contact-form-7 id=&amp;amp;quot;ef1af14&amp;amp;quot; title=&amp;amp;quot;Formulaire de contact 1&amp;amp;quot;&quot;\" data-editable=\"true\">\n<div class=\"wpcf7 no-js\" id=\"wpcf7-f7-o1\" lang=\"fr-FR\" dir=\"ltr\" data-wpcf7-id=\"7\">\n<div class=\"screen-reader-response\"><p role=\"status\" aria-live=\"polite\" aria-atomic=\"true\"><\/p> <ul><\/ul><\/div>\n<form action=\"\/index.php\/wp-json\/wp\/v2\/pages\/5#wpcf7-f7-o1\" method=\"post\" class=\"wpcf7-form init\" aria-label=\"Formulaire de contact\" novalidate=\"novalidate\" data-status=\"init\">\n<fieldset class=\"hidden-fields-container\"><input type=\"hidden\" name=\"_wpcf7\" value=\"7\" \/><input type=\"hidden\" name=\"_wpcf7_version\" value=\"6.1.5\" \/><input type=\"hidden\" name=\"_wpcf7_locale\" value=\"fr_FR\" \/><input type=\"hidden\" name=\"_wpcf7_unit_tag\" value=\"wpcf7-f7-o1\" \/><input type=\"hidden\" name=\"_wpcf7_container_post\" value=\"0\" \/><input type=\"hidden\" name=\"_wpcf7_posted_data_hash\" value=\"\" \/>\n<\/fieldset>\n<p><label>Vous \u00eates*<br \/>\n<span class=\"wpcf7-form-control-wrap\" data-name=\"vous-etes\"><select class=\"wpcf7-form-control wpcf7-select wpcf7-validates-as-required\" aria-required=\"true\" aria-invalid=\"false\" name=\"vous-etes\"><option value=\"Imprimeur\">Imprimeur<\/option><option value=\"Administration\">Administration<\/option><option value=\"Editeur\">Editeur<\/option><option value=\"PME-PMI\">PME-PMI<\/option><option value=\"\u00c9cole\">\u00c9cole<\/option><option value=\"Autre\">Autre<\/option><\/select><\/span><br \/>\n<\/label><br \/>\n<label> Soci\u00e9t\u00e9*<br \/>\n<span class=\"wpcf7-form-control-wrap\" data-name=\"societe\"><input size=\"40\" maxlength=\"400\" class=\"wpcf7-form-control wpcf7-text wpcf7-validates-as-required\" aria-required=\"true\" aria-invalid=\"false\" value=\"\" type=\"text\" name=\"societe\" \/><\/span> <\/label><br \/>\n<label> Nom*<br \/>\n<span class=\"wpcf7-form-control-wrap\" data-name=\"your-name\"><input size=\"40\" maxlength=\"400\" class=\"wpcf7-form-control wpcf7-text wpcf7-validates-as-required\" aria-required=\"true\" aria-invalid=\"false\" value=\"\" type=\"text\" name=\"your-name\" \/><\/span> <\/label><br \/>\n<label> Pr\u00e9nom*<br \/>\n<span class=\"wpcf7-form-control-wrap\" data-name=\"your-prenom\"><input size=\"40\" maxlength=\"400\" class=\"wpcf7-form-control wpcf7-text wpcf7-validates-as-required\" aria-required=\"true\" aria-invalid=\"false\" value=\"\" type=\"text\" name=\"your-prenom\" \/><\/span> <\/label><br \/>\n<label> Fonction*<br \/>\n<span class=\"wpcf7-form-control-wrap\" data-name=\"fonction\"><input size=\"40\" maxlength=\"400\" class=\"wpcf7-form-control wpcf7-text wpcf7-validates-as-required\" aria-required=\"true\" aria-invalid=\"false\" value=\"\" type=\"text\" name=\"fonction\" \/><\/span> <\/label>\n<\/p>\n<p><label> Votre e-mail*<br \/>\n<span class=\"wpcf7-form-control-wrap\" data-name=\"your-email\"><input size=\"40\" maxlength=\"400\" class=\"wpcf7-form-control wpcf7-email wpcf7-validates-as-required wpcf7-text wpcf7-validates-as-email\" aria-required=\"true\" aria-invalid=\"false\" value=\"\" type=\"email\" name=\"your-email\" \/><\/span> <\/label>\n<\/p>\n<p><label> T\u00e9l\u00e9phone*<br \/>\n<span class=\"wpcf7-form-control-wrap\" data-name=\"tel\"><input size=\"40\" maxlength=\"400\" class=\"wpcf7-form-control wpcf7-tel wpcf7-validates-as-required wpcf7-text wpcf7-validates-as-tel\" aria-required=\"true\" aria-invalid=\"false\" value=\"\" type=\"tel\" name=\"tel\" \/><\/span><\/label>\n<\/p>\n<p><label> Votre message<br \/>\n<span class=\"wpcf7-form-control-wrap\" data-name=\"your-message\"><textarea cols=\"40\" rows=\"10\" maxlength=\"2000\" class=\"wpcf7-form-control wpcf7-textarea\" aria-invalid=\"false\" name=\"your-message\"><\/textarea><\/span> <\/label>\n<\/p>\n<p><input class=\"wpcf7-form-control wpcf7-submit has-spinner\" type=\"submit\" value=\"Envoyer\" \/>\n<\/p><div class=\"wpcf7-response-output\" aria-hidden=\"true\"><\/div>\n<\/form>\n<\/div>\n<\/div>\n<\/div>\n<\/div>\n<\/div>\n<\/div><div  id=\"clients-1\" class=\"clients-grid-section\" style=\"background-color: #ffffff;\" data-label=\"Clients\" data-id=\"clients-grid-section\" data-category=\"clients\">\n<div  class=\"gridContainer\">\n<div  class=\"clients-grid-textrow row\" data-type=\"column\">\n<div  class=\"clients-grid-textcol dynamic-color\" data-type=\"column\">\n<h2  class=\"\"><a  href=\"http:\/\/www.routage-et-communication.com\" class=\"\">www.routage-et-communication.com<\/a><\/h2>\n<figure  class=\"\"><a  href=\"http:\/\/www.routage-et-communication.com\" class=\"\" target=\"_self\"><img  decoding=\"async\" class=\"custom-image\" src=\"https:\/\/devis.routage-mailing-postal.fr\/wp-content\/uploads\/2025\/10\/logo-routetcom-1.png\" alt=\"\"><\/a><\/figure>\n<p  class=\"\"><\/p>\n\n<\/div>\n<\/div>\n<div  class=\"row\" data-type=\"row\" data-add-content=\"false\"><\/div>\n<\/div>\n<\/div>","protected":false},"excerpt":{"rendered":"<p>Nos prestations Routage et Communication vous accompagne dans tout le processus de routage de vos courriers postaux avec des tarifs d\u2019affranchissement jusqu\u2019\u00e0 3 x moins chers.Nous g\u00e9rons tous formats de Documents : catalogues, revues, invitations, courriers relationnels ou marketing, rapports annuels\u2026 Impression Impression de vos courriers en quadri ou N&amp;B, impression de votre logo sur&hellip; <br \/> <a class=\"button small blue\" href=\"https:\/\/devis.routage-mailing-postal.fr\/index.php\/2024\/12\/22\/bonjour-tout-le-monde\/\">Lire la suite<\/a><\/p>\n","protected":false},"author":1,"featured_media":0,"parent":0,"menu_order":0,"comment_status":"closed","ping_status":"closed","template":"","meta":{"footnotes":""},"class_list":["post-5","page","type-page","status-publish","hentry"],"_links":{"self":[{"href":"https:\/\/devis.routage-mailing-postal.fr\/index.php\/wp-json\/wp\/v2\/pages\/5","targetHints":{"allow":["GET"]}}],"collection":[{"href":"https:\/\/devis.routage-mailing-postal.fr\/index.php\/wp-json\/wp\/v2\/pages"}],"about":[{"href":"https:\/\/devis.routage-mailing-postal.fr\/index.php\/wp-json\/wp\/v2\/types\/page"}],"author":[{"embeddable":true,"href":"https:\/\/devis.routage-mailing-postal.fr\/index.php\/wp-json\/wp\/v2\/users\/1"}],"replies":[{"embeddable":true,"href":"https:\/\/devis.routage-mailing-postal.fr\/index.php\/wp-json\/wp\/v2\/comments?post=5"}],"version-history":[{"count":57,"href":"https:\/\/devis.routage-mailing-postal.fr\/index.php\/wp-json\/wp\/v2\/pages\/5\/revisions"}],"predecessor-version":[{"id":159,"href":"https:\/\/devis.routage-mailing-postal.fr\/index.php\/wp-json\/wp\/v2\/pages\/5\/revisions\/159"}],"wp:attachment":[{"href":"https:\/\/devis.routage-mailing-postal.fr\/index.php\/wp-json\/wp\/v2\/media?parent=5"}],"curies":[{"name":"wp","href":"https:\/\/api.w.org\/{rel}","templated":true}]}}